{"id":3,"date":"2022-03-23T09:17:25","date_gmt":"2022-03-23T08:17:25","guid":{"rendered":"https:\/\/feudisalent.com\/?page_id=3"},"modified":"2025-09-24T16:46:44","modified_gmt":"2025-09-24T14:46:44","slug":"privacy-policy","status":"publish","type":"page","link":"https:\/\/feudisalentini.com\/en\/privacy-policy\/","title":{"rendered":"Privacy Policy"},"content":{"rendered":"<p><\/p>\n<p style=\"text-align: justify;\" align=\"CENTER\"><strong>Informativa ai sensi degli articoli 13 e 14 del Regolamento Europeo n. 679\/2016 in materia di protezione dei dati personali e successive norme nazionali di adeguamento<\/strong><\/p>\n<p style=\"text-align: justify;\" align=\"JUSTIFY\">Conformemente all\u2019impegno e alla cura che la VARVAGLIONE VIGNE &amp; VINI SRL dedica alla tutela dei dati personali, Ti informiamo sulle modalit\u00e0, finalit\u00e0 e ambito di comunicazione e diffusione dei tuoi dati personali raccolti nell\u2019accesso al sito feudisalentini.com, nonch\u00e9 sui tuoi diritti, in conformit\u00e0 agli articoli 13 e 14 del Regolamento Europeo n.679\/2016 (di seguito GDPR) e successive norme nazionali di adeguamento (di seguito Normativa Applicabile).<\/p>\n<p style=\"text-align: justify;\" align=\"CENTER\"><b>PRIVACY POLICY DEL SITO<\/b><\/p>\n<p style=\"text-align: justify;\">In questa sezione sono contenute le informazioni relative alle modalit\u00e0 di gestione dei dati personali in riferimento al trattamento degli stessi nel sito feudisalentini.com (di seguito \u201csito\u201d)<\/p>\n<p style=\"text-align: justify;\">Le informazioni hanno valore anche ai fini del D.Lgs. n. 196\/2003, novellato dal D.Lgs. 101\/2018, e ai sensi degli articoli 13 e 14 del Regolamento UE n. 2016\/679, relativo alla protezione delle persone fisiche con riguardo al trattamento dei dati personali nonch\u00e9 alla libera circolazione di tali dati, per i soggetti che interagiscono con il sito.<\/p>\n<p style=\"text-align: justify;\">Le informazioni sono rese solo per il sito e non anche per altri siti web eventualmente consultati dall\u2019utente tramite link in esso contenuti.<\/p>\n<p style=\"text-align: justify;\">Scopo del presente documento \u00e8 fornire indicazioni circa le modalit\u00e0, i tempi e la natura delle informazioni che il Titolare del trattamento deve fornire agli utenti al momento della connessione alle pagine web del sito indipendentemente dagli scopi del collegamento stesso, secondo la legislazione Italiana ed Europea.<\/p>\n<p style=\"text-align: justify;\">L\u2019informativa pu\u00f2 subire modifiche a causa dell\u2019introduzione di nuove norme al riguardo, si invita pertanto l\u2019utente a controllare periodicamente la presente pagina.<\/p>\n<p style=\"text-align: justify;\">Se l\u2019utente ha meno di 16 anni, ai sensi dell\u2019art.8, c.1 regolamento UE 2016\/679, dovr\u00e0 legittimare il suo consenso attraverso l\u2019autorizzazione dei genitori o di chi ne fa le veci.<\/p>\n<p style=\"text-align: justify;\" align=\"JUSTIFY\"><b>1<\/b>.\u00a0<strong>TITOLARE DEL TRATTAMENTO<\/strong><\/p>\n<p style=\"text-align: justify;\" align=\"JUSTIFY\">Relativamente al presente sito web il titolare del trattamento \u00e8 la VARVAGLIONE VIGNE &amp; VINI SRL con sede legale in Contrada Santa Lucia s.n.c. 74020 Leporano (Taranto), p.i 01996660732, email info@feudisalentini.com , nella persona del legale rappresentante pro tempore.<\/p>\n<p style=\"text-align: justify;\" align=\"JUSTIFY\"><strong>2.<\/strong>\u00a0<strong>CATEGORIE DI DATI PERSONALI TRATTATI DAL TITOLARE DEL TRATTAMENTO<\/strong><\/p>\n<p style=\"text-align: justify;\">Per offrire i prodotti e servizi previsti dal proprio sito internet la VARVAGLIONE VIGNE &amp; VINI SRL, in qualit\u00e0 di Titolare del trattamento, deve trattare alcuni dati personali<\/p>\n<p style=\"text-align: justify;\">Questi dati possono essere forniti implicitamente dagli strumenti utilizzati per accedere e fruire dei servizi o possono essere forniti in modo esplicito dall\u2019interessato.<\/p>\n<p style=\"text-align: justify;\">La VARVAGLIONE VIGNE &amp; VINI SRL potr\u00e0 trattare le seguenti categorie di dati personali degli utenti:<\/p>\n<p style=\"text-align: justify;\">\u2022\u00a0<strong>dati tecnici<\/strong>\u00a0di navigazione relativi all\u2019indirizzo IP, codici identificativi dei dispositivi utilizzati dall\u2019utente per la fruizione del sito o dei servizi, tipo di browser e parametri del dispositivo usato per connettersi al sito, nome dell\u2019internet service provider (ISP), data e orario di visita, pagina web di provenienza del visitatore (referral) e di uscita, eventualmente il numero di click;<\/p>\n<p style=\"text-align: justify;\">\u2022\u00a0<strong>dati comuni identificativi<\/strong>\u00a0forniti dall\u2019utente (es. nome, cognome, email, numero di telefono, localizzazione,<\/p>\n<p style=\"text-align: justify;\">etc.) per dare seguito alle richieste sui nostri prodotti e servizi, ivi compresa la possibilit\u00e0 di inviare il Curriculum Vitae per un eventuale rapporto lavorativo.<\/p>\n<p style=\"text-align: justify;\" align=\"JUSTIFY\"><strong>3.<\/strong>\u00a0<strong>FINALIT\u00c0 E BASI GIURIDICHE DEL TRATTAMENTO<\/strong><\/p>\n<p style=\"text-align: justify;\">I dati personali saranno trattati esclusivamente con modalit\u00e0 e procedure necessarie:<\/p>\n<p style=\"text-align: justify;\">a) per richieste di informazioni e preventivi al fine della vendita di prodotti da noi commercializzati;<\/p>\n<p style=\"text-align: justify;\">b) per l\u2019erogazione dei nostri servizi, quali ad esempio le \u2018Visite guidate\u2019;<\/p>\n<p style=\"text-align: justify;\">c) per la prenotazione a eventi pubblici, quali ad esempio fiere, manifestazioni o iniziative di beneficenza;<\/p>\n<p style=\"text-align: justify;\">d) per l\u2019invio delle newsletter, di comunicazioni istituzionali, di materiale pubblicitario, informativo, promozionale, per attivit\u00e0 di marketing diretto e indiretto;<\/p>\n<p style=\"text-align: justify;\">e) per la profilazione manuale correlata al settore vinicolo.<\/p>\n<p style=\"text-align: justify;\">Inoltre ai fini della sicurezza del sito i dati registrati automaticamente, quale l\u2019indirizzo Ip, potrebbero essere utilizzati, conformemente alle leggi vigenti in materia, al fine di bloccare tentativi di danneggiamento al sito medesimo o di recare danno ad altri utenti, o comunque attivit\u00e0 dannose o costituenti reato.<\/p>\n<p style=\"text-align: justify;\">I trattamenti di cui alle lettere a), b) e c) sono obbligatori per l\u2019esecuzione e conclusione delle richieste da Te inoltrate e per la finalizzazione di un eventuale contratto, mentre quelli di cui alle lettere d), e) sono facoltativi e richiedono il Tuo consenso espresso, il quale \u00e8 revocabile altrettanto liberamente ed in qualsiasi momento contattando il Titolare.<\/p>\n<p style=\"text-align: justify;\">Si precisa che l\u2019attivit\u00e0 di marketing diretto (svolta da VARVAGLIONE VIGNE &amp; VINI SRL) e indiretto (svolta da VARVAGLIONE VIGNE &amp; VINI SRL per il tramite di soggetti incaricati terzi) ha lo scopo di raccogliere ed utilizzare dati pertinenti e limitati a quanto necessario rispetto alla finalit\u00e0 per cui sono trattati, per elaborare studi, ricerche, statistiche di mercato, inviare materiale pubblicitario ed informativo, compiere attivit\u00e0 dirette di vendita o di collocamento di prodotti o servizi, inviare informazioni commerciali, effettuare comunicazioni commerciali interattive. L\u2019attivit\u00e0 di profilazione consiste, invece, nella raccolta di informazioni sui comportamenti e le abitudini commerciali nel settore vinicolo al fine di migliorare i servizi offerti in base alle esigenze dei clienti che hanno espresso specifico consenso.<\/p>\n<p style=\"text-align: justify;\">Con riferimento alle attivit\u00e0 di marketing e profilazione, si precisa che, in caso di Tuo mancato e specifico consenso al trattamento, non sar\u00e0 possibile svolgere le predette attivit\u00e0.<\/p>\n<p style=\"text-align: justify;\" align=\"JUSTIFY\"><strong>4.<\/strong>\u00a0<strong>DIFFUSIONE, COMUNICAZIONE E SOGGETTI CHE ACCEDONO AI DATI<\/strong><\/p>\n<p style=\"text-align: justify;\" align=\"JUSTIFY\">I dati ricevuti saranno trattati dalla VARVAGLIONE VIGNE &amp; VINI SRL, sia in formato cartaceo che in formato elettronico, anche per immagini, idonei a garantirne la sicurezza e la riservatezza e verr\u00e0 eseguito da personale formalmente autorizzato e debitamente istruito al rispetto della Normativa Applicabile. I tuoi dati personali non saranno diffusi, ma potranno essere comunicati ove necessario per la commercializzazione dei nostri prodotti o l\u2019erogazione dei servizi a soggetti terzi (come ad es. fornitori di servizi marketing, organizzazione eventi, societ\u00e0 di ricerca di mercato e\/o di indagini sul grado di soddisfazione del cliente, spedizionieri, societ\u00e0 di servizi informatici), Professionisti ai fini della consulenza fiscale e legale, nominati, se necessario, Responsabili Esterni del Trattamento da parte della VARVAGLIONE VIGNE &amp; VINI SRL.<\/p>\n<p style=\"text-align: justify;\" align=\"JUSTIFY\"><strong>5. TRASFERIMENTO DI DATI ALL\u2019ESTERO<\/strong><\/p>\n<p style=\"text-align: justify;\" align=\"JUSTIFY\">I dati personali saranno trattati dalla VARVAGLIONE VIGNE &amp; VINI SRL all\u2019interno del territorio dell\u2019Unione Europea. Qualora per questioni di natura tecnica e\/o operativa si renda necessario avvalersi di soggetti ubicati al di fuori dell\u2019Unione Europea, oppure si renda necessario trasferire alcuni dei dati raccolti verso societ\u00e0 localizzate al di fuori dell\u2019area dell\u2019Unione Europea, il trattamento sar\u00e0 regolato in conformit\u00e0 a quanto previsto dal capo V del Regolamento e autorizzato in base a specifiche decisioni dell\u2019Unione Europea.<\/p>\n<p style=\"text-align: justify;\" align=\"JUSTIFY\"><strong>6. DURATA DEL TRATTAMENTO E CONSERVAZIONE DEI DATI PERSONALI<\/strong><\/p>\n<p style=\"text-align: justify;\" align=\"JUSTIFY\">I dati personali saranno conservati per almeno 10 anni dopo l\u2019ultimo trattamento, salvo esplicita richiesta dell\u2019interessato e comunque per un periodo non inferiore a quello previsto da tutte le normative di legge e fiscali o per l\u2019intera durata di eventuali contenziosi.<\/p>\n<p style=\"text-align: justify;\" align=\"JUSTIFY\"><strong>7<\/strong><strong>.\u00a0<\/strong><strong>DIRITTI DELL\u2019INTERESSATO<\/strong><\/p>\n<p style=\"text-align: justify;\">La VARVAGLIONE VIGNE &amp; VINI SRL ti garantisce di poter esercitare in qualsiasi momento i diritti previsti dall\u2019art. 12 del GDPR. In particolare tu hai il diritto:<\/p>\n<p style=\"text-align: justify;\">\u2013 di sapere se il Titolare detiene e\/o tratta dati personali relativi alla tua persona e ad accedervi integralmente anche ottenendone copia<strong>\u00a0(art. 15 Diritto all\u2019accesso)<\/strong>\u00a0\u2013 alla rettifica dei dati personali inesatti o all\u2019integrazione dei dati personali incompleti\u00a0<strong>(Art. 16 Diritto di rettifica);<\/strong>\u00a0\u2013 alla cancellazione dei dati personali in possesso del Titolare se sussiste uno dei motivi previsti dal GDPR\u00a0<strong>(Art. 17 Diritto alla Cancellazione);<\/strong>\u00a0\u2013 a chiedere al Titolare di limitare il trattamento solo ad alcuni dati personali, se sussiste uno dei motivi previsti dal Regolamento\u00a0<strong>(Art. 18 Diritto alla limitazione del trattamento);<\/strong>\u00a0\u2013 di richiedere e ricevere tutti i tuoi dati personali trattati dal titolare, in formato strutturato, di uso comune e leggibili da dispositivo automatico oppure richiedere la trasmissione ad altro titolare senza impedimenti (Art. 20, Diritto alla Portabilit\u00e0); \u2013 di opporti in tutto o in parte al trattamento dei dati per finalit\u00e0 di invio di materiale pubblicitario e ricerche di mercato (c.d. Consenso)\u00a0<strong>(art. 21 Diritto di opposizione).<\/strong><\/p>\n<p style=\"text-align: justify;\">L\u2019esercizio di questi diritti pu\u00f2 essere esercitato mediante comunicazione al Titolare del Trattamento i cui recapiti sono indicati nella sezione 1 di questa informativa. Inoltre l\u2019interessato ha sempre il diritto di proporre reclamo all\u2019Autorit\u00e0 di Controllo, contattabile all\u2019indirizzo\u00a0garante@gpdp.it\u00a0o mediante il sito http:\/\/www.gpdp.it.<\/p>\n<p style=\"text-align: justify;\">Il documento \u00e8 stato aggiornato in data 21\/01\/2019 per essere conforme alle disposizioni normative in materia, ed in particolare in conformit\u00e0 al Regolamento UE 2016\/679.<\/p>\n<p><\/p>","protected":false},"excerpt":{"rendered":"<p>Informativa ai sensi degli articoli 13 e 14 del Regolamento Europeo n. 679\/2016 in materia di protezione dei dati personali&#8230;<\/p>\n","protected":false},"author":1,"featured_media":0,"parent":0,"menu_order":0,"comment_status":"closed","ping_status":"open","template":"","meta":{"footnotes":""},"class_list":["post-3","page","type-page","status-publish"],"yoast_head":"<!-- This site is optimized with the Yoast SEO plugin v20.11 - https:\/\/yoast.com\/wordpress\/plugins\/seo\/ -->\n<title>Privacy Policy - Feudi Salentini<\/title>\n<meta name=\"robots\" content=\"index, follow, max-snippet:-1, max-image-preview:large, max-video-preview:-1\" \/>\n<link rel=\"canonical\" href=\"https:\/\/feudisalentini.com\/privacy-policy\/\" \/>\n<meta property=\"og:locale\" content=\"en_US\" \/>\n<meta property=\"og:type\" content=\"article\" \/>\n<meta property=\"og:title\" content=\"Privacy Policy - Feudi Salentini\" \/>\n<meta property=\"og:description\" content=\"Informativa ai sensi degli articoli 13 e 14 del Regolamento Europeo n. 679\/2016 in materia di protezione dei dati personali...\" \/>\n<meta property=\"og:url\" content=\"https:\/\/feudisalentini.com\/privacy-policy\/\" \/>\n<meta property=\"og:site_name\" content=\"Feudi Salentini\" \/>\n<meta property=\"article:modified_time\" content=\"2025-09-24T14:46:44+00:00\" \/>\n<meta name=\"twitter:card\" content=\"summary_large_image\" \/>\n<meta name=\"twitter:label1\" content=\"Est. reading time\" \/>\n\t<meta name=\"twitter:data1\" content=\"7 minutes\" \/>\n<script type=\"application\/ld+json\" class=\"yoast-schema-graph\">{\"@context\":\"https:\/\/schema.org\",\"@graph\":[{\"@type\":\"WebPage\",\"@id\":\"https:\/\/feudisalentini.com\/privacy-policy\/\",\"url\":\"https:\/\/feudisalentini.com\/privacy-policy\/\",\"name\":\"Privacy Policy - Feudi Salentini\",\"isPartOf\":{\"@id\":\"https:\/\/feudisalentini.com\/#website\"},\"datePublished\":\"2022-03-23T08:17:25+00:00\",\"dateModified\":\"2025-09-24T14:46:44+00:00\",\"breadcrumb\":{\"@id\":\"https:\/\/feudisalentini.com\/privacy-policy\/#breadcrumb\"},\"inLanguage\":\"en-US\",\"potentialAction\":[{\"@type\":\"ReadAction\",\"target\":[\"https:\/\/feudisalentini.com\/privacy-policy\/\"]}]},{\"@type\":\"BreadcrumbList\",\"@id\":\"https:\/\/feudisalentini.com\/privacy-policy\/#breadcrumb\",\"itemListElement\":[{\"@type\":\"ListItem\",\"position\":1,\"name\":\"Home\",\"item\":\"https:\/\/feudisalentini.com\/\"},{\"@type\":\"ListItem\",\"position\":2,\"name\":\"Privacy Policy\"}]},{\"@type\":\"WebSite\",\"@id\":\"https:\/\/feudisalentini.com\/#website\",\"url\":\"https:\/\/feudisalentini.com\/\",\"name\":\"Feudi Salentini\",\"description\":\"\",\"potentialAction\":[{\"@type\":\"SearchAction\",\"target\":{\"@type\":\"EntryPoint\",\"urlTemplate\":\"https:\/\/feudisalentini.com\/?s={search_term_string}\"},\"query-input\":\"required name=search_term_string\"}],\"inLanguage\":\"en-US\"}]}<\/script>\n<!-- \/ Yoast SEO plugin. -->","yoast_head_json":{"title":"Privacy Policy - Feudi Salentini","robots":{"index":"index","follow":"follow","max-snippet":"max-snippet:-1","max-image-preview":"max-image-preview:large","max-video-preview":"max-video-preview:-1"},"canonical":"https:\/\/feudisalentini.com\/privacy-policy\/","og_locale":"en_US","og_type":"article","og_title":"Privacy Policy - Feudi Salentini","og_description":"Informativa ai sensi degli articoli 13 e 14 del Regolamento Europeo n. 679\/2016 in materia di protezione dei dati personali...","og_url":"https:\/\/feudisalentini.com\/privacy-policy\/","og_site_name":"Feudi Salentini","article_modified_time":"2025-09-24T14:46:44+00:00","twitter_card":"summary_large_image","twitter_misc":{"Est. reading time":"7 minutes"},"schema":{"@context":"https:\/\/schema.org","@graph":[{"@type":"WebPage","@id":"https:\/\/feudisalentini.com\/privacy-policy\/","url":"https:\/\/feudisalentini.com\/privacy-policy\/","name":"Privacy Policy - Feudi Salentini","isPartOf":{"@id":"https:\/\/feudisalentini.com\/#website"},"datePublished":"2022-03-23T08:17:25+00:00","dateModified":"2025-09-24T14:46:44+00:00","breadcrumb":{"@id":"https:\/\/feudisalentini.com\/privacy-policy\/#breadcrumb"},"inLanguage":"en-US","potentialAction":[{"@type":"ReadAction","target":["https:\/\/feudisalentini.com\/privacy-policy\/"]}]},{"@type":"BreadcrumbList","@id":"https:\/\/feudisalentini.com\/privacy-policy\/#breadcrumb","itemListElement":[{"@type":"ListItem","position":1,"name":"Home","item":"https:\/\/feudisalentini.com\/"},{"@type":"ListItem","position":2,"name":"Privacy Policy"}]},{"@type":"WebSite","@id":"https:\/\/feudisalentini.com\/#website","url":"https:\/\/feudisalentini.com\/","name":"Feudi Salentini","description":"","potentialAction":[{"@type":"SearchAction","target":{"@type":"EntryPoint","urlTemplate":"https:\/\/feudisalentini.com\/?s={search_term_string}"},"query-input":"required name=search_term_string"}],"inLanguage":"en-US"}]}},"_links":{"self":[{"href":"https:\/\/feudisalentini.com\/en\/wp-json\/wp\/v2\/pages\/3","targetHints":{"allow":["GET"]}}],"collection":[{"href":"https:\/\/feudisalentini.com\/en\/wp-json\/wp\/v2\/pages"}],"about":[{"href":"https:\/\/feudisalentini.com\/en\/wp-json\/wp\/v2\/types\/page"}],"author":[{"embeddable":true,"href":"https:\/\/feudisalentini.com\/en\/wp-json\/wp\/v2\/users\/1"}],"replies":[{"embeddable":true,"href":"https:\/\/feudisalentini.com\/en\/wp-json\/wp\/v2\/comments?post=3"}],"version-history":[{"count":4,"href":"https:\/\/feudisalentini.com\/en\/wp-json\/wp\/v2\/pages\/3\/revisions"}],"predecessor-version":[{"id":17689,"href":"https:\/\/feudisalentini.com\/en\/wp-json\/wp\/v2\/pages\/3\/revisions\/17689"}],"wp:attachment":[{"href":"https:\/\/feudisalentini.com\/en\/wp-json\/wp\/v2\/media?parent=3"}],"curies":[{"name":"wp","href":"https:\/\/api.w.org\/{rel}","templated":true}]}}